{"id":495,"date":"2021-05-12T18:22:25","date_gmt":"2021-05-12T16:22:25","guid":{"rendered":"https:\/\/www.wohnelec.com\/?page_id=495"},"modified":"2021-05-12T19:07:54","modified_gmt":"2021-05-12T17:07:54","slug":"privacidad","status":"publish","type":"page","link":"https:\/\/www.wohnelec.com\/es\/privacidad\/","title":{"rendered":"Pol\u00edtica de privacidad"},"content":{"rendered":"<div class=\"fusion-fullwidth fullwidth-box fusion-builder-row-1 fusion-flex-container nonhundred-percent-fullwidth non-hundred-percent-height-scrolling\" style=\"--awb-border-radius-top-left:0px;--awb-border-radius-top-right:0px;--awb-border-radius-bottom-right:0px;--awb-border-radius-bottom-left:0px;--awb-margin-top:0px;--awb-margin-bottom:60px;--awb-flex-wrap:wrap;\" ><div class=\"fusion-builder-row fusion-row fusion-flex-align-items-flex-start fusion-flex-content-wrap\" style=\"max-width:1248px;margin-left: calc(-4% \/ 2 );margin-right: calc(-4% \/ 2 );\"><div class=\"fusion-layout-column fusion_builder_column fusion-builder-column-0 fusion_builder_column_1_1 1_1 fusion-flex-column\" style=\"--awb-bg-size:cover;--awb-width-large:100%;--awb-margin-top-large:0px;--awb-spacing-right-large:1.92%;--awb-margin-bottom-large:20px;--awb-spacing-left-large:1.92%;--awb-width-medium:100%;--awb-order-medium:0;--awb-spacing-right-medium:1.92%;--awb-spacing-left-medium:1.92%;--awb-width-small:100%;--awb-order-small:0;--awb-spacing-right-small:1.92%;--awb-spacing-left-small:1.92%;\"><div class=\"fusion-column-wrapper fusion-column-has-shadow fusion-flex-justify-content-flex-start fusion-content-layout-column\"><div class=\"fusion-text fusion-text-1\"><h1>Privacidad de los datos<\/h1>\n<p><span class=\"VIiyi\" lang=\"ca\"><span class=\"JLqJ4b ChMk0b\" data-language-for-alternatives=\"ca\" data-language-to-translate-into=\"es\" data-phrase-index=\"90\">Al utilizar cualquier formulario en este sitio web, en conformidad con la Ley Org\u00e1nica 15\/1999 de 13 de diciembre de Protecci\u00f3n de Datos de Car\u00e1cter Personal (LOPD), W\u00f6hnelec S.A. le informa que sus datos personales quedar\u00e1n incorporados en un fichero automatizado, que ser\u00e1 procesado exclusivamente para la finalidad de prestarle un servicio adecuado. Asimismo y de conformidad con esta Ley, en cualquier momento puede ejercitar los derechos de acceso, rectificaci\u00f3n, cancelaci\u00f3n y oposici\u00f3n, previstos en la Ley, enviando un correo electr\u00f3nico a info@wohnelec.com<\/span><\/span><\/p>\n<h1>Pol\u00edtica de Galletas ( Cookies )<\/h1>\n<p>En cumplimiento de la Ley 34\/2002, de fecha 11 de julio, de servicios de la sociedad de la informaci\u00f3n y del comercio electr\u00f3nico, de la Directiva 2009\/136 CE de 12 de julio, siguiendo las directrices de la Agencia Espa\u00f1ola de Protecci\u00f3n de Datos y de los establecido en el nuevo reglamento europeo de protecci\u00f3n de datos 2016\/679 CE, le informamos que en la web utilizamos cookies para facilitar la relaci\u00f3n de los visitantes con nuestro contenido y para permitir elaborar estad\u00edsticas sobre las visitas recibidas, estas cookies pueden ser propias y de terceros, persistentes con la finalidad de mejorar el servicio prestado.<\/p>\n<p>La mayor\u00eda de los navegadores aceptan como est\u00e1ndar a las cookies y, con independencia de estas, permiten o impiden en los ajustes de seguridad las cookies temporales o memorizadas.<\/p>\n<p>Sin su expreso consentimiento (mediante la activaci\u00f3n de las cookies en su navegador) <b>W\u00d6HNELEC S.A., <\/b>no enlazar\u00e1 en las cookies los datos memorizados con sus datos personales proporcionados en el momento del registro o la compra.<\/p>\n<h3>1.1 \u00bfQu\u00e9 son las cookies?<\/h3>\n<p>Se denominan cookies a unos peque\u00f1os archivos que se graban en el navegador utilizado por cada visitante de nuestra web para que el servidor pueda recordar la visita de ese usuario con posterioridad cuando vuelva a acceder a nuestros contenidos. Las cookies permiten a una p\u00e1gina web, entre otras, almacenar y recuperar informaci\u00f3n sobre los h\u00e1bitos de navegaci\u00f3n de un usuario o de su equipo para, en funci\u00f3n del tipo de navegaci\u00f3n, poder ofrecer un mejor servicio a trav\u00e9s de la p\u00e1gina web. Esta informaci\u00f3n no revela la identidad del visitante, ni dato personal alguno, ni accede al contenido almacenado en su pc, pero s\u00ed que permite a nuestro sistema identificar a un usuario determinado que ya visit\u00f3 la web con anterioridad, que visualiz\u00f3 determinadas p\u00e1ginas, etc. y adem\u00e1s permite guardar las preferencias personales e informaci\u00f3n t\u00e9cnica como por ejemplo las visitas realizadas o p\u00e1ginas concretas que visite.<\/p>\n<h3>1.2. \u00bfQui\u00e9n gestiona las cookies de la p\u00e1gina web?<\/h3>\n<p>Las cookies son gestionadas por el propio editor de la p\u00e1gina web (Cookies propias) y se utilizan los siguientes tipos:<\/p>\n<ul>\n<li><b>Cookies t\u00e9cnicas:<\/b> Son aqu\u00e9llas que permiten al usuario la navegaci\u00f3n a trav\u00e9s de una p\u00e1gina web, plataforma o aplicaci\u00f3n y la utilizaci\u00f3n de las diferentes opciones o servicios que en ella existan como, por ejemplo, controlar el tr\u00e1fico y la comunicaci\u00f3n de datos, identificar la sesi\u00f3n, acceder a partes de acceso restringido, recordar los elementos que integran un pedido, realizar el proceso de compra de un pedido, realizar la solicitud de inscripci\u00f3n o participaci\u00f3n en un evento, utilizar elementos de seguridad durante la navegaci\u00f3n, almacenar contenidos para la difusi\u00f3n de videos o sonido o compartir contenidos a trav\u00e9s de redes sociales.<\/li>\n<li><b>Cookies de personalizaci\u00f3n: <\/b>Son aqu\u00e9llas que permiten al usuario acceder al servicio con algunas caracter\u00edsticas de car\u00e1cter general predefinidas en funci\u00f3n de una serie de criterios en el terminal del usuario como por ejemplo serian el idioma, el tipo de navegador a trav\u00e9s del cual accede al servicio, la configuraci\u00f3n regional desde donde accede al servicio, etc.<\/li>\n<li><b>Cookies de an\u00e1lisis: <\/b>Son aqu\u00e9llas que bien tratadas por nosotros o por terceros, nos permiten cuantificar el n\u00famero de usuarios y as\u00ed realizar la medici\u00f3n y an\u00e1lisis estad\u00edstico de la utilizaci\u00f3n que hacen los usuarios del servicio ofertado. Para ello se analiza su navegaci\u00f3n en nuestra p\u00e1gina web con el fin de mejorar la oferta de productos o servicios que le ofrecemos.<\/li>\n<\/ul>\n<h3>1.3 \u00bfCookies de terceros y cu\u00e1les son sus finalidades?<\/h3>\n<p>Cookies anal\u00edticas de terceros: Son aquellas que permiten al responsable de las cookies, el seguimiento y an\u00e1lisis del comportamiento de los usuarios de los sitios web. Se utilizan para medir la actividad del sitio web y para crear perfiles de navegaci\u00f3n de los usuarios, en cualquier caso, la informaci\u00f3n tratada por el citado tercero siempre ser\u00e1 con fines estad\u00edsticos no siendo posible identificar a los visitantes de la web.<\/p>\n<p>Si usted no desea que se guarden cookies en su navegador o prefiere recibir una informaci\u00f3n cada vez que una cookie solicite instalarse, puede configurar sus opciones de navegaci\u00f3n para que se haga de esa forma.<\/p>\n<p>Respecto de las cookies de terceros, es decir aquellas que son ajenas a nuestro sitio web, no podemos hacernos responsables del contenido y veracidad de las pol\u00edticas de privacidad que ellos incluyen por lo que la informaci\u00f3n que le ofrecemos es siempre con referencia a la fuente.<\/p>\n<h3>1.4 Permitir, bloquear o eliminar las cookies.<\/h3>\n<p>Puede usted permitir, bloquear o eliminar las cookies instaladas en su equipo mediante la configuraci\u00f3n de las opciones del navegador instalado en su ordenador.<\/p>\n<p>El usuario acepta expresamente, por la utilizaci\u00f3n de este Sitio web, el tratamiento de la informaci\u00f3n recabada en la forma y con los fines anteriormente mencionados. Y asimismo reconoce conocer la posibilidad de rechazar el tratamiento de tales datos o informaci\u00f3n rechazando el uso de Cookies mediante la selecci\u00f3n de la configuraci\u00f3n apropiada a tal fin en su navegador. Si bien esta opci\u00f3n de bloqueo de Cookies en su navegador puede no permitirle el uso pleno de todas las funcionalidades del Website, siguiendo las siguientes indicaciones, seg\u00fan el navegador que utilice<\/p>\n<p>Para m\u00e1s informaci\u00f3n sobre c\u00f3mo gestionar sus cookies puede acceder a la siguiente informaci\u00f3n que proporciona la Agencia Espa\u00f1ola de Protecci\u00f3n de Datos: <a href=\"https:\/\/www.aepd.es\/areas\/internet\/protege-tu-privacidad.html\" target=\"_blank\" rel=\"noopener\">https:\/\/www.aepd.es\/areas\/internet\/protege-tu-privacidad.html<\/a><\/p>\n<\/div><\/div><\/div><\/div><\/div>\n","protected":false},"excerpt":{"rendered":"","protected":false},"author":1,"featured_media":0,"parent":0,"menu_order":0,"comment_status":"closed","ping_status":"closed","template":"","meta":{"footnotes":""},"class_list":["post-495","page","type-page","status-publish","hentry"],"_links":{"self":[{"href":"https:\/\/www.wohnelec.com\/es\/wp-json\/wp\/v2\/pages\/495","targetHints":{"allow":["GET"]}}],"collection":[{"href":"https:\/\/www.wohnelec.com\/es\/wp-json\/wp\/v2\/pages"}],"about":[{"href":"https:\/\/www.wohnelec.com\/es\/wp-json\/wp\/v2\/types\/page"}],"author":[{"embeddable":true,"href":"https:\/\/www.wohnelec.com\/es\/wp-json\/wp\/v2\/users\/1"}],"replies":[{"embeddable":true,"href":"https:\/\/www.wohnelec.com\/es\/wp-json\/wp\/v2\/comments?post=495"}],"version-history":[{"count":0,"href":"https:\/\/www.wohnelec.com\/es\/wp-json\/wp\/v2\/pages\/495\/revisions"}],"wp:attachment":[{"href":"https:\/\/www.wohnelec.com\/es\/wp-json\/wp\/v2\/media?parent=495"}],"curies":[{"name":"wp","href":"https:\/\/api.w.org\/{rel}","templated":true}]}}