{"id":21,"date":"2021-04-28T12:10:27","date_gmt":"2021-04-28T10:10:27","guid":{"rendered":"https:\/\/www.wohnelec.com\/pagina-exemple\/"},"modified":"2021-05-26T18:33:58","modified_gmt":"2021-05-26T16:33:58","slug":"pagina-exemple","status":"publish","type":"page","link":"https:\/\/www.wohnelec.com\/es\/","title":{"rendered":"Inicio"},"content":{"rendered":"<p><div class=\"fusion-fullwidth fullwidth-box fusion-builder-row-1 fusion-flex-container nonhundred-percent-fullwidth non-hundred-percent-height-scrolling\" style=\"--awb-border-radius-top-left:0px;--awb-border-radius-top-right:0px;--awb-border-radius-bottom-right:0px;--awb-border-radius-bottom-left:0px;--awb-padding-top:60px;--awb-min-height:236px;--awb-background-color:#ffffff;--awb-flex-wrap:wrap;\" ><div class=\"fusion-builder-row fusion-row fusion-flex-align-items-flex-start fusion-flex-content-wrap\" style=\"max-width:1248px;margin-left: calc(-4% \/ 2 );margin-right: calc(-4% \/ 2 );\"><div class=\"fusion-layout-column fusion_builder_column fusion-builder-column-0 fusion_builder_column_1_3 1_3 fusion-flex-column\" style=\"--awb-padding-top:20px;--awb-padding-bottom:20px;--awb-bg-size:cover;--awb-width-large:33.333333333333%;--awb-margin-top-large:0px;--awb-spacing-right-large:5.76%;--awb-margin-bottom-large:0px;--awb-spacing-left-large:5.76%;--awb-width-medium:33.333333333333%;--awb-order-medium:0;--awb-spacing-right-medium:5.76%;--awb-spacing-left-medium:5.76%;--awb-width-small:100%;--awb-order-small:0;--awb-spacing-right-small:1.92%;--awb-spacing-left-small:1.92%;\"><div class=\"fusion-column-wrapper fusion-column-has-shadow fusion-flex-justify-content-flex-start fusion-content-layout-column\"><a href=\"\/catalegs\/\"><div class=\"fusion-flip-boxes flip-boxes row fusion-columns-1 flip-effect-classic\" id=\"blocs-inici\"><div class=\"fusion-flip-box-wrapper fusion-column col-lg-12 col-md-12 col-sm-12\"><div class=\"fusion-flip-box flip-right\" tabindex=\"0\"><div class=\"flip-box-inner-wrapper\"><div class=\"flip-box-front\" style=\"--awb-border-color:#53a9e0;--awb-border-size:3px;--awb-border-radius:0px;--awb-background-color-front:#53a9e0;--awb-title-front-color:#ffffff;--awb-text-front-color:#ffffff;\"><div class=\"flip-box-front-inner\"><div class=\"flip-box-grafix flip-box-no-circle\"><i aria-hidden=\"true\" class=\"fa-folder-open fas\"><\/i><\/div><h2 class=\"flip-box-heading\">Cat\u00e1logos<\/h2>Consulte y descargue cat\u00e1logos con las especificaciones de nuestros productos en pdf<\/div><\/div><div class=\"flip-box-back\" style=\"--awb-border-color:#53a9e0;--awb-border-size:3px;--awb-border-radius:0px;--awb-background-color-back:#ffffff;--awb-title-back-color:#53a9e0;--awb-text-back-color:#53a9e0;\"><div class=\"flip-box-back-inner\"><h3 class=\"flip-box-heading-back\">Cat\u00e1logos<\/h3>\n<p>Consulte y descargue cat\u00e1logos con las especificaciones de nuestros productos en pdf<\/p>\n<div ><a class=\"fusion-button button-flat fusion-button-default-size button-default fusion-button-default button-1 fusion-button-default-span fusion-button-default-type\" style=\"width:calc(100%);\" target=\"_self\" href=\"\/es\/catalogos\/\"><span class=\"fusion-button-text\">Ver cat\u00e1logos<\/span><\/a><\/div>\n<\/div><\/div><\/div><\/div><\/div><\/div><\/a><\/div><\/div><div class=\"fusion-layout-column fusion_builder_column fusion-builder-column-1 fusion_builder_column_1_3 1_3 fusion-flex-column\" style=\"--awb-padding-top:20px;--awb-padding-bottom:20px;--awb-bg-size:cover;--awb-width-large:33.333333333333%;--awb-margin-top-large:0px;--awb-spacing-right-large:5.76%;--awb-margin-bottom-large:0px;--awb-spacing-left-large:5.76%;--awb-width-medium:33.333333333333%;--awb-order-medium:0;--awb-spacing-right-medium:5.76%;--awb-spacing-left-medium:5.76%;--awb-width-small:100%;--awb-order-small:0;--awb-spacing-right-small:1.92%;--awb-spacing-left-small:1.92%;\"><div class=\"fusion-column-wrapper fusion-column-has-shadow fusion-flex-justify-content-flex-start fusion-content-layout-column\"><a href=\"\/catalegs\/\"><div class=\"fusion-flip-boxes flip-boxes row fusion-columns-1 flip-effect-classic\" id=\"blocs-inici\"><div class=\"fusion-flip-box-wrapper fusion-column col-lg-12 col-md-12 col-sm-12\"><div class=\"fusion-flip-box flip-right\" tabindex=\"0\"><div class=\"flip-box-inner-wrapper\"><div class=\"flip-box-front\" style=\"--awb-border-color:#53a9e0;--awb-border-size:3px;--awb-border-radius:0px;--awb-background-color-front:#53a9e0;--awb-title-front-color:#ffffff;--awb-text-front-color:#ffffff;\"><div class=\"flip-box-front-inner\"><div class=\"flip-box-grafix flip-box-no-circle\"><i aria-hidden=\"true\" class=\"fa-file-alt fas\"><\/i><\/div><h2 class=\"flip-box-heading\">Tarifas<\/h2>Consulte y descargue desde aqu\u00ed tarifas con las especificaciones de nuestros productos en pdf<\/div><\/div><div class=\"flip-box-back\" style=\"--awb-border-color:#53a9e0;--awb-border-size:3px;--awb-border-radius:0px;--awb-background-color-back:#ffffff;--awb-title-back-color:#53a9e0;--awb-text-back-color:#53a9e0;\"><div class=\"flip-box-back-inner\"><h3 class=\"flip-box-heading-back\">Tarifas<\/h3>\n<p>Consulte y descargue desde aqu\u00ed tarifas con las especificaciones de nuestros productos en pdf<\/p>\n<div ><a class=\"fusion-button button-flat fusion-button-default-size button-default fusion-button-default button-2 fusion-button-default-span fusion-button-default-type\" style=\"width:calc(100%);\" target=\"_self\" href=\"\/es\/tarifas\/\"><span class=\"fusion-button-text\">Ver tarifas<\/span><\/a><\/div>\n<\/div><\/div><\/div><\/div><\/div><\/div><\/a><\/div><\/div><div class=\"fusion-layout-column fusion_builder_column fusion-builder-column-2 fusion_builder_column_1_3 1_3 fusion-flex-column\" style=\"--awb-padding-top:20px;--awb-padding-bottom:20px;--awb-bg-size:cover;--awb-width-large:33.333333333333%;--awb-margin-top-large:0px;--awb-spacing-right-large:5.76%;--awb-margin-bottom-large:0px;--awb-spacing-left-large:5.76%;--awb-width-medium:33.333333333333%;--awb-order-medium:0;--awb-spacing-right-medium:5.76%;--awb-spacing-left-medium:5.76%;--awb-width-small:100%;--awb-order-small:0;--awb-spacing-right-small:1.92%;--awb-spacing-left-small:1.92%;\"><div class=\"fusion-column-wrapper fusion-column-has-shadow fusion-flex-justify-content-flex-start fusion-content-layout-column\"><a href=\"\/catalegs\/\"><div class=\"fusion-flip-boxes flip-boxes row fusion-columns-1 flip-effect-classic\" id=\"blocs-inici\"><div class=\"fusion-flip-box-wrapper fusion-column col-lg-12 col-md-12 col-sm-12\"><div class=\"fusion-flip-box flip-right\" tabindex=\"0\"><div class=\"flip-box-inner-wrapper\"><div class=\"flip-box-front\" style=\"--awb-border-color:#53a9e0;--awb-border-size:3px;--awb-border-radius:0px;--awb-background-color-front:#53a9e0;--awb-title-front-color:#ffffff;--awb-text-front-color:#ffffff;\"><div class=\"flip-box-front-inner\"><div class=\"flip-box-grafix flip-box-no-circle\"><i aria-hidden=\"true\" class=\"fa-video fas\"><\/i><\/div><h2 class=\"flip-box-heading\">Videos<\/h2>Selecci\u00f3n de videos donde se muestran algunos de nuestros productos y sus aplicaciones<\/div><\/div><div class=\"flip-box-back\" style=\"--awb-border-color:#53a9e0;--awb-border-size:3px;--awb-border-radius:0px;--awb-background-color-back:#ffffff;--awb-title-back-color:#53a9e0;--awb-text-back-color:#53a9e0;\"><div class=\"flip-box-back-inner\"><h3 class=\"flip-box-heading-back\">Videos<\/h3>\n<p>Selecci\u00f3n de videos donde se muestran algunos de nuestros productos y sus aplicaciones<\/p>\n<div ><a class=\"fusion-button button-flat fusion-button-default-size button-default fusion-button-default button-3 fusion-button-default-span fusion-button-default-type\" style=\"width:calc(100%);\" target=\"_self\" href=\"\/es\/videos\/\"><span class=\"fusion-button-text\">Ver videos<\/span><\/a><\/div>\n<\/div><\/div><\/div><\/div><\/div><\/div><\/a><\/div><\/div><div class=\"fusion-layout-column fusion_builder_column fusion-builder-column-3 fusion_builder_column_1_1 1_1 fusion-flex-column\" style=\"--awb-padding-right:15%;--awb-padding-bottom:20px;--awb-padding-left:15%;--awb-padding-right-small:0%;--awb-padding-left-small:0%;--awb-bg-size:cover;--awb-width-large:100%;--awb-margin-top-large:0px;--awb-spacing-right-large:1.92%;--awb-margin-bottom-large:20px;--awb-spacing-left-large:1.92%;--awb-width-medium:100%;--awb-order-medium:0;--awb-spacing-right-medium:1.92%;--awb-spacing-left-medium:1.92%;--awb-width-small:100%;--awb-order-small:0;--awb-spacing-right-small:1.92%;--awb-spacing-left-small:1.92%;\"><div class=\"fusion-column-wrapper fusion-column-has-shadow fusion-flex-justify-content-flex-start fusion-content-layout-column\"><div class=\"icones-inici\"><i class=\"fas fa-industry\"><\/i> <i class=\"fas fa-shipping-fast\"><\/i> <i class=\"fas fa-warehouse\"><\/i><\/div><div class=\"fusion-text fusion-text-1\" style=\"--awb-font-size:20px;--awb-line-height:28px;--awb-text-color:#53a9e0;--awb-margin-top:50px;--awb-text-font-family:&quot;Montserrat&quot;;--awb-text-font-style:normal;--awb-text-font-weight:400;\"><p>Amplio stock de productos para suministrar de forma r\u00e1pida a toda Espa\u00f1a desde nuestros almacenes en Molins de Rei y en Torrej\u00f3n de Ardoz.<\/p>\n<\/div><\/div><\/div><\/div><\/div><div class=\"fusion-fullwidth fullwidth-box fusion-builder-row-2 fusion-flex-container nonhundred-percent-fullwidth non-hundred-percent-height-scrolling\" style=\"--awb-border-radius-top-left:0px;--awb-border-radius-top-right:0px;--awb-border-radius-bottom-right:0px;--awb-border-radius-bottom-left:0px;--awb-padding-top:30px;--awb-padding-bottom:30px;--awb-padding-right-small:25px;--awb-padding-left-small:15px;--awb-margin-top:0px;--awb-margin-bottom:0px;--awb-background-color:#53aae0;--awb-flex-wrap:wrap;\" ><div class=\"fusion-builder-row fusion-row fusion-flex-align-items-flex-start fusion-flex-content-wrap\" style=\"max-width:1248px;margin-left: calc(-4% \/ 2 );margin-right: calc(-4% \/ 2 );\"><div class=\"fusion-layout-column fusion_builder_column fusion-builder-column-4 fusion_builder_column_1_1 1_1 fusion-flex-column\" style=\"--awb-bg-size:cover;--awb-width-large:100%;--awb-margin-top-large:0px;--awb-spacing-right-large:1.92%;--awb-margin-bottom-large:-20px;--awb-spacing-left-large:1.92%;--awb-width-medium:100%;--awb-order-medium:0;--awb-spacing-right-medium:1.92%;--awb-spacing-left-medium:1.92%;--awb-width-small:100%;--awb-order-small:0;--awb-spacing-right-small:1.92%;--awb-spacing-left-small:1.92%;\"><div class=\"fusion-column-wrapper fusion-column-has-shadow fusion-flex-justify-content-flex-start fusion-content-layout-column\"><div class=\"fusion-title title fusion-title-1 fusion-sep-none fusion-title-center fusion-title-text fusion-title-size-one\" style=\"--awb-text-color:#ffffff;\"><h1 class=\"fusion-title-heading title-heading-center\" style=\"margin:0;\"><h2><span style=\"color: #ffffff;\">Nuestra oferta comprende:<\/span><\/h2><\/h1><\/div><\/div><\/div><div class=\"fusion-layout-column fusion_builder_column fusion-builder-column-5 fusion_builder_column_1_2 1_2 fusion-flex-column\" style=\"--awb-bg-size:cover;--awb-width-large:50%;--awb-margin-top-large:0px;--awb-spacing-right-large:3.84%;--awb-margin-bottom-large:20px;--awb-spacing-left-large:3.84%;--awb-width-medium:50%;--awb-order-medium:0;--awb-spacing-right-medium:3.84%;--awb-spacing-left-medium:3.84%;--awb-width-small:100%;--awb-order-small:0;--awb-spacing-right-small:1.92%;--awb-spacing-left-small:1.92%;\"><div class=\"fusion-column-wrapper fusion-column-has-shadow fusion-flex-justify-content-flex-start fusion-content-layout-column\"><div class=\"fusion-text fusion-text-2\" style=\"--awb-text-color:#ffffff;\"><ul>\n<li>Conductores y barras de cobre mecanizadas<\/li>\n<li>Barras flexibles de cobre aisladas<\/li>\n<li>Interruptores de potencia, bornes de gran intensidad y terminales<\/li>\n<li>Ventilaci\u00f3n y climatizaci\u00f3n<\/li>\n<li>Pletinas troqueladas, flexibles y de cobre sin hal\u00f3genos<\/li>\n<\/ul>\n<\/div><\/div><\/div><div class=\"fusion-layout-column fusion_builder_column fusion-builder-column-6 fusion_builder_column_1_2 1_2 fusion-flex-column\" style=\"--awb-bg-size:cover;--awb-width-large:50%;--awb-margin-top-large:0px;--awb-spacing-right-large:3.84%;--awb-margin-bottom-large:20px;--awb-spacing-left-large:3.84%;--awb-width-medium:50%;--awb-order-medium:0;--awb-spacing-right-medium:3.84%;--awb-spacing-left-medium:3.84%;--awb-width-small:100%;--awb-order-small:0;--awb-spacing-right-small:1.92%;--awb-spacing-left-small:1.92%;\"><div class=\"fusion-column-wrapper fusion-column-has-shadow fusion-flex-justify-content-flex-start fusion-content-layout-column\"><div class=\"fusion-text fusion-text-3\" style=\"--awb-text-color:#ffffff;\"><ul>\n<li>Cajas aislantes de goma, accesorios de conexi\u00f3n en goma<\/li>\n<li>Aisladores y toda clase de soportes para embarrados<\/li>\n<li>Distribuidores II, III y IV polos de 100 A hasta 5000 A<\/li>\n<li>Detectores de sobretensiones transitorias hasta 1000 V CC<\/li>\n<li>Bases de fusibles y seccionadores NH00-4, tanto de superficie como sobre barras.<\/li>\n<\/ul>\n<\/div><\/div><\/div><\/div><\/div><\/p>\n","protected":false},"excerpt":{"rendered":"","protected":false},"author":1,"featured_media":0,"parent":0,"menu_order":0,"comment_status":"closed","ping_status":"open","template":"100-width.php","meta":{"footnotes":""},"class_list":["post-21","page","type-page","status-publish","hentry"],"_links":{"self":[{"href":"https:\/\/www.wohnelec.com\/es\/wp-json\/wp\/v2\/pages\/21","targetHints":{"allow":["GET"]}}],"collection":[{"href":"https:\/\/www.wohnelec.com\/es\/wp-json\/wp\/v2\/pages"}],"about":[{"href":"https:\/\/www.wohnelec.com\/es\/wp-json\/wp\/v2\/types\/page"}],"author":[{"embeddable":true,"href":"https:\/\/www.wohnelec.com\/es\/wp-json\/wp\/v2\/users\/1"}],"replies":[{"embeddable":true,"href":"https:\/\/www.wohnelec.com\/es\/wp-json\/wp\/v2\/comments?post=21"}],"version-history":[{"count":0,"href":"https:\/\/www.wohnelec.com\/es\/wp-json\/wp\/v2\/pages\/21\/revisions"}],"wp:attachment":[{"href":"https:\/\/www.wohnelec.com\/es\/wp-json\/wp\/v2\/media?parent=21"}],"curies":[{"name":"wp","href":"https:\/\/api.w.org\/{rel}","templated":true}]}}